{"id":222,"date":"2020-10-12T22:20:11","date_gmt":"2020-10-13T01:20:11","guid":{"rendered":"http:\/\/localhost:8888\/italia\/?post_type=product&#038;p=222"},"modified":"2026-03-09T19:12:56","modified_gmt":"2026-03-09T22:12:56","slug":"lampara-uva-de-mano","status":"publish","type":"product","link":"https:\/\/www.vidriositalia.cl\/?product=lampara-uva-de-mano","title":{"rendered":"L\u00e1mpara UVA de mano"},"content":{"rendered":"","protected":false},"excerpt":{"rendered":"<div class=\"product--description\">\n<div class=\"product--textOnlyWeb\">\n<p>La l\u00e1mpara de mano UVA es adecuada para unir piezas met\u00e1licas. Una pantalla de filtro especial protege contra las radiaciones peligrosas UV-B y UV-C. La l\u00e1mpara alcanza su rendimiento total despu\u00e9s de unos minutos de calentamiento. Si est\u00e1 apagado, debe enfriarse completamente antes de que pueda encenderse nuevamente. Por lo tanto, se recomienda dejar la l\u00e1mpara encendida hasta que se terminen todos los trabajos de pegado. Producto solo a pedido.<\/p>\n<\/div>\n<ul>\n<li>El foco port\u00e1til UVA es adecuado para todos los adhesivos UV de Bohle.<\/li>\n<li>\u00c1rea efectiva 200 x 150 mm.<\/li>\n<li>La vida \u00fatil de la l\u00e1mpara es de aproximadamente 1.000 horas de funcionamiento.<\/li>\n<li>alta Potencia<\/li>\n<li>Trabajo seguro gracias a pantalla especial con filtro.<\/li>\n<\/ul>\n<\/div>\n<div class=\"product--ajax\">\n<div class=\"alert is--warning is--rounded\">\n<div class=\"alert--icon\"><\/div>\n<\/div>\n<\/div>\n","protected":false},"featured_media":223,"comment_status":"open","ping_status":"closed","template":"","meta":{"site-sidebar-layout":"default","site-content-layout":"default","ast-site-content-layout":"","site-content-style":"default","site-sidebar-style":"default","ast-global-header-display":"","ast-banner-title-visibility":"","ast-main-header-display":"","ast-hfb-above-header-display":"","ast-hfb-below-header-display":"","ast-hfb-mobile-header-display":"","site-post-title":"","ast-breadcrumbs-content":"","ast-featured-img":"","footer-sml-layout":"","theme-transparent-header-meta":"default","adv-header-id-meta":"","stick-header-meta":"default","header-above-stick-meta":"","header-main-stick-meta":"","header-below-stick-meta":"","astra-migrate-meta-layouts":"default","ast-page-background-enabled":"default","ast-page-background-meta":{"desktop":{"background-color":"","background-image":"","background-repeat":"repeat","background-position":"center center","background-size":"auto","background-attachment":"scroll","background-type":"","background-media":"","overlay-type":"","overlay-color":"","overlay-opacity":"","overlay-gradient":""},"tablet":{"background-color":"","background-image":"","background-repeat":"repeat","background-position":"center center","background-size":"auto","background-attachment":"scroll","background-type":"","background-media":"","overlay-type":"","overlay-color":"","overlay-opacity":"","overlay-gradient":""},"mobile":{"background-color":"","background-image":"","background-repeat":"repeat","background-position":"center center","background-size":"auto","background-attachment":"scroll","background-type":"","background-media":"","overlay-type":"","overlay-color":"","overlay-opacity":"","overlay-gradient":""}},"ast-content-background-meta":{"desktop":{"background-color":"var(--ast-global-color-5)","background-image":"","background-repeat":"repeat","background-position":"center center","background-size":"auto","background-attachment":"scroll","background-type":"","background-media":"","overlay-type":"","overlay-color":"","overlay-opacity":"","overlay-gradient":""},"tablet":{"background-color":"var(--ast-global-color-5)","background-image":"","background-repeat":"repeat","background-position":"center center","background-size":"auto","background-attachment":"scroll","background-type":"","background-media":"","overlay-type":"","overlay-color":"","overlay-opacity":"","overlay-gradient":""},"mobile":{"background-color":"var(--ast-global-color-5)","background-image":"","background-repeat":"repeat","background-position":"center center","background-size":"auto","background-attachment":"scroll","background-type":"","background-media":"","overlay-type":"","overlay-color":"","overlay-opacity":"","overlay-gradient":""}}},"product_cat":[17],"product_tag":[],"_links":{"self":[{"href":"https:\/\/www.vidriositalia.cl\/index.php?rest_route=\/wp\/v2\/product\/222"}],"collection":[{"href":"https:\/\/www.vidriositalia.cl\/index.php?rest_route=\/wp\/v2\/product"}],"about":[{"href":"https:\/\/www.vidriositalia.cl\/index.php?rest_route=\/wp\/v2\/types\/product"}],"replies":[{"embeddable":true,"href":"https:\/\/www.vidriositalia.cl\/index.php?rest_route=%2Fwp%2Fv2%2Fcomments&post=222"}],"version-history":[{"count":2,"href":"https:\/\/www.vidriositalia.cl\/index.php?rest_route=\/wp\/v2\/product\/222\/revisions"}],"predecessor-version":[{"id":1074,"href":"https:\/\/www.vidriositalia.cl\/index.php?rest_route=\/wp\/v2\/product\/222\/revisions\/1074"}],"wp:featuredmedia":[{"embeddable":true,"href":"https:\/\/www.vidriositalia.cl\/index.php?rest_route=\/wp\/v2\/media\/223"}],"wp:attachment":[{"href":"https:\/\/www.vidriositalia.cl\/index.php?rest_route=%2Fwp%2Fv2%2Fmedia&parent=222"}],"wp:term":[{"taxonomy":"product_cat","embeddable":true,"href":"https:\/\/www.vidriositalia.cl\/index.php?rest_route=%2Fwp%2Fv2%2Fproduct_cat&post=222"},{"taxonomy":"product_tag","embeddable":true,"href":"https:\/\/www.vidriositalia.cl\/index.php?rest_route=%2Fwp%2Fv2%2Fproduct_tag&post=222"}],"curies":[{"name":"wp","href":"https:\/\/api.w.org\/{rel}","templated":true}]}}