{"id":225,"date":"2020-10-12T22:23:25","date_gmt":"2020-10-13T01:23:25","guid":{"rendered":"http:\/\/localhost:8888\/italia\/?post_type=product&#038;p=225"},"modified":"2022-01-10T12:41:45","modified_gmt":"2022-01-10T15:41:45","slug":"lampara-uva-de-mano-uvahand-250-luz-blanca","status":"publish","type":"product","link":"https:\/\/www.vidriositalia.cl\/?product=lampara-uva-de-mano-uvahand-250-luz-blanca","title":{"rendered":"L\u00e1mpara UVA de mano UVAHAND 250 luz blanca"},"content":{"rendered":"","protected":false},"excerpt":{"rendered":"<div class=\"product--textOnlyWeb\">\n<p>Debido al alto rendimiento de la l\u00e1mpara port\u00e1til UVA es posible pegar, de forma r\u00e1pida y sencilla, superficies peque\u00f1as y piezas met\u00e1licas. Gracias a la pantalla especial con filtro no se emiten radiaciones peligrosas UV-B y UV-C. la l\u00e1mpara alcanza su m\u00e1xima potencia despu\u00e9s de unos minutos de calentamiento. Si se apagara, solo se puede volver a encender despu\u00e9s de haberse enfriado. Por lo tanto, se recomienda dejar el proyector encendido hasta que se completen las uniones previstas. Producto solo a pedido.<\/p>\n<\/div>\n<ul>\n<li>la l\u00e1mpara port\u00e1til UVA 250 es apta para todos los adhesivos UV de Bohle.<\/li>\n<li>\u00c1rea efectiva 250 x 250 mm.<\/li>\n<li>La vida \u00fatil de la l\u00e1mpara es de aproximadamente 1.000 horas de funcionamiento.<\/li>\n<\/ul>\n<p>&nbsp;<\/p>\n<ul>\n<li>alta Potencia<\/li>\n<li>Trabajo seguro gracias a pantalla especial con filtro.<\/li>\n<\/ul>\n","protected":false},"featured_media":226,"comment_status":"open","ping_status":"closed","template":"","meta":{"site-sidebar-layout":"default","site-content-layout":"default","ast-site-content-layout":"","site-content-style":"default","site-sidebar-style":"default","ast-global-header-display":"","ast-banner-title-visibility":"","ast-main-header-display":"","ast-hfb-above-header-display":"","ast-hfb-below-header-display":"","ast-hfb-mobile-header-display":"","site-post-title":"","ast-breadcrumbs-content":"","ast-featured-img":"","footer-sml-layout":"","theme-transparent-header-meta":"default","adv-header-id-meta":"","stick-header-meta":"default","header-above-stick-meta":"","header-main-stick-meta":"","header-below-stick-meta":"","astra-migrate-meta-layouts":"default","ast-page-background-enabled":"default","ast-page-background-meta":{"desktop":{"background-color":"","background-image":"","background-repeat":"repeat","background-position":"center center","background-size":"auto","background-attachment":"scroll","background-type":"","background-media":"","overlay-type":"","overlay-color":"","overlay-opacity":"","overlay-gradient":""},"tablet":{"background-color":"","background-image":"","background-repeat":"repeat","background-position":"center center","background-size":"auto","background-attachment":"scroll","background-type":"","background-media":"","overlay-type":"","overlay-color":"","overlay-opacity":"","overlay-gradient":""},"mobile":{"background-color":"","background-image":"","background-repeat":"repeat","background-position":"center center","background-size":"auto","background-attachment":"scroll","background-type":"","background-media":"","overlay-type":"","overlay-color":"","overlay-opacity":"","overlay-gradient":""}},"ast-content-background-meta":{"desktop":{"background-color":"var(--ast-global-color-5)","background-image":"","background-repeat":"repeat","background-position":"center center","background-size":"auto","background-attachment":"scroll","background-type":"","background-media":"","overlay-type":"","overlay-color":"","overlay-opacity":"","overlay-gradient":""},"tablet":{"background-color":"var(--ast-global-color-5)","background-image":"","background-repeat":"repeat","background-position":"center center","background-size":"auto","background-attachment":"scroll","background-type":"","background-media":"","overlay-type":"","overlay-color":"","overlay-opacity":"","overlay-gradient":""},"mobile":{"background-color":"var(--ast-global-color-5)","background-image":"","background-repeat":"repeat","background-position":"center center","background-size":"auto","background-attachment":"scroll","background-type":"","background-media":"","overlay-type":"","overlay-color":"","overlay-opacity":"","overlay-gradient":""}}},"product_cat":[17],"product_tag":[],"_links":{"self":[{"href":"https:\/\/www.vidriositalia.cl\/index.php?rest_route=\/wp\/v2\/product\/225"}],"collection":[{"href":"https:\/\/www.vidriositalia.cl\/index.php?rest_route=\/wp\/v2\/product"}],"about":[{"href":"https:\/\/www.vidriositalia.cl\/index.php?rest_route=\/wp\/v2\/types\/product"}],"replies":[{"embeddable":true,"href":"https:\/\/www.vidriositalia.cl\/index.php?rest_route=%2Fwp%2Fv2%2Fcomments&post=225"}],"version-history":[{"count":2,"href":"https:\/\/www.vidriositalia.cl\/index.php?rest_route=\/wp\/v2\/product\/225\/revisions"}],"predecessor-version":[{"id":1073,"href":"https:\/\/www.vidriositalia.cl\/index.php?rest_route=\/wp\/v2\/product\/225\/revisions\/1073"}],"wp:featuredmedia":[{"embeddable":true,"href":"https:\/\/www.vidriositalia.cl\/index.php?rest_route=\/wp\/v2\/media\/226"}],"wp:attachment":[{"href":"https:\/\/www.vidriositalia.cl\/index.php?rest_route=%2Fwp%2Fv2%2Fmedia&parent=225"}],"wp:term":[{"taxonomy":"product_cat","embeddable":true,"href":"https:\/\/www.vidriositalia.cl\/index.php?rest_route=%2Fwp%2Fv2%2Fproduct_cat&post=225"},{"taxonomy":"product_tag","embeddable":true,"href":"https:\/\/www.vidriositalia.cl\/index.php?rest_route=%2Fwp%2Fv2%2Fproduct_tag&post=225"}],"curies":[{"name":"wp","href":"https:\/\/api.w.org\/{rel}","templated":true}]}}