{"id":232,"date":"2020-10-12T22:37:12","date_gmt":"2020-10-13T01:37:12","guid":{"rendered":"http:\/\/localhost:8888\/italia\/?post_type=product&#038;p=232"},"modified":"2020-10-12T22:37:12","modified_gmt":"2020-10-13T01:37:12","slug":"lampara-verifix-uva-star-500-lampara-de-tubo-230v","status":"publish","type":"product","link":"https:\/\/www.vidriositalia.cl\/?product=lampara-verifix-uva-star-500-lampara-de-tubo-230v","title":{"rendered":"L\u00e1mpara Verifix\u00ae UVA-Star 500 L\u00e1mpara de tubo 230V"},"content":{"rendered":"","protected":false},"excerpt":{"rendered":"<div class=\"product--textOnlyWeb\">\n<p>Las l\u00e1mparas tubulares UVA-Star de Verifix\u00ae son ideales para el pegado uniforme de cantos. Son lo \u00faltimo en tecnolog\u00eda y ofrecen un mayor rendimiento UV con un menor consumo de energ\u00eda. El tubo protector especial no emite radiaciones peligrosas UV-B y UV-C. Las l\u00e1mparas tubulares son ligeras y f\u00e1ciles de manejar. El tubo de protecci\u00f3n y el fluorescente pueden ser sustituidos por el usuario cuando sea necesario.<\/p>\n<\/div>\n<ul>\n<li>Las l\u00e1mparas tubulares UVA-estrellas son adecuados para todos los adhesivos Bohle UV.<\/li>\n<li>Trabajo seguro con un tubo protector especial.<\/li>\n<li>Funcionamiento a pleno rendimiento despu\u00e9s de un per\u00edodo de calentamiento de 10 minutos,<\/li>\n<li>Longitud de trabajo 500 mm<\/li>\n<li>Curado sin tensiones en el pegado de cantos<\/li>\n<li>La vida \u00fatil de la l\u00e1mpara es de aproximadamente 1.000 horas de funcionamiento.<\/li>\n<\/ul>\n","protected":false},"featured_media":233,"comment_status":"open","ping_status":"closed","template":"","meta":{"site-sidebar-layout":"default","site-content-layout":"default","ast-site-content-layout":"","site-content-style":"default","site-sidebar-style":"default","ast-global-header-display":"","ast-banner-title-visibility":"","ast-main-header-display":"","ast-hfb-above-header-display":"","ast-hfb-below-header-display":"","ast-hfb-mobile-header-display":"","site-post-title":"","ast-breadcrumbs-content":"","ast-featured-img":"","footer-sml-layout":"","theme-transparent-header-meta":"default","adv-header-id-meta":"","stick-header-meta":"default","header-above-stick-meta":"","header-main-stick-meta":"","header-below-stick-meta":"","astra-migrate-meta-layouts":"default","ast-page-background-enabled":"default","ast-page-background-meta":{"desktop":{"background-color":"","background-image":"","background-repeat":"repeat","background-position":"center center","background-size":"auto","background-attachment":"scroll","background-type":"","background-media":"","overlay-type":"","overlay-color":"","overlay-opacity":"","overlay-gradient":""},"tablet":{"background-color":"","background-image":"","background-repeat":"repeat","background-position":"center center","background-size":"auto","background-attachment":"scroll","background-type":"","background-media":"","overlay-type":"","overlay-color":"","overlay-opacity":"","overlay-gradient":""},"mobile":{"background-color":"","background-image":"","background-repeat":"repeat","background-position":"center center","background-size":"auto","background-attachment":"scroll","background-type":"","background-media":"","overlay-type":"","overlay-color":"","overlay-opacity":"","overlay-gradient":""}},"ast-content-background-meta":{"desktop":{"background-color":"var(--ast-global-color-5)","background-image":"","background-repeat":"repeat","background-position":"center center","background-size":"auto","background-attachment":"scroll","background-type":"","background-media":"","overlay-type":"","overlay-color":"","overlay-opacity":"","overlay-gradient":""},"tablet":{"background-color":"var(--ast-global-color-5)","background-image":"","background-repeat":"repeat","background-position":"center center","background-size":"auto","background-attachment":"scroll","background-type":"","background-media":"","overlay-type":"","overlay-color":"","overlay-opacity":"","overlay-gradient":""},"mobile":{"background-color":"var(--ast-global-color-5)","background-image":"","background-repeat":"repeat","background-position":"center center","background-size":"auto","background-attachment":"scroll","background-type":"","background-media":"","overlay-type":"","overlay-color":"","overlay-opacity":"","overlay-gradient":""}}},"product_cat":[17],"product_tag":[],"_links":{"self":[{"href":"https:\/\/www.vidriositalia.cl\/index.php?rest_route=\/wp\/v2\/product\/232"}],"collection":[{"href":"https:\/\/www.vidriositalia.cl\/index.php?rest_route=\/wp\/v2\/product"}],"about":[{"href":"https:\/\/www.vidriositalia.cl\/index.php?rest_route=\/wp\/v2\/types\/product"}],"replies":[{"embeddable":true,"href":"https:\/\/www.vidriositalia.cl\/index.php?rest_route=%2Fwp%2Fv2%2Fcomments&post=232"}],"version-history":[{"count":1,"href":"https:\/\/www.vidriositalia.cl\/index.php?rest_route=\/wp\/v2\/product\/232\/revisions"}],"predecessor-version":[{"id":234,"href":"https:\/\/www.vidriositalia.cl\/index.php?rest_route=\/wp\/v2\/product\/232\/revisions\/234"}],"wp:featuredmedia":[{"embeddable":true,"href":"https:\/\/www.vidriositalia.cl\/index.php?rest_route=\/wp\/v2\/media\/233"}],"wp:attachment":[{"href":"https:\/\/www.vidriositalia.cl\/index.php?rest_route=%2Fwp%2Fv2%2Fmedia&parent=232"}],"wp:term":[{"taxonomy":"product_cat","embeddable":true,"href":"https:\/\/www.vidriositalia.cl\/index.php?rest_route=%2Fwp%2Fv2%2Fproduct_cat&post=232"},{"taxonomy":"product_tag","embeddable":true,"href":"https:\/\/www.vidriositalia.cl\/index.php?rest_route=%2Fwp%2Fv2%2Fproduct_tag&post=232"}],"curies":[{"name":"wp","href":"https:\/\/api.w.org\/{rel}","templated":true}]}}