{"id":236,"date":"2020-10-12T22:41:40","date_gmt":"2020-10-13T01:41:40","guid":{"rendered":"http:\/\/localhost:8888\/italia\/?post_type=product&#038;p=236"},"modified":"2022-06-11T22:28:39","modified_gmt":"2022-06-12T01:28:39","slug":"adhesivo-uv-verifix-b-678-0-lamifix","status":"publish","type":"product","link":"https:\/\/www.vidriositalia.cl\/?product=adhesivo-uv-verifix-b-678-0-lamifix","title":{"rendered":"Adhesivo UV Verifix\u00ae B 678-0 Lamifix"},"content":{"rendered":"","protected":false},"excerpt":{"rendered":"<div class=\"product--textOnlyWeb\">\n<p>El 678-0 es adecuado para el pegado de superficies grandes, a partir de 100 x 100 mm. Gracias a su elasticidad compensa las tensiones y las diferentes dilataciones de los distintintos materiales. El 678-0 se endurece con la luz y por lo tanto es adecuado <span style=\"color: #333333;\"><a style=\"color: #333333;\" href=\"https:\/\/www.dypcoeambi.com\/\">slot gacor malam ini<\/a><\/span> para la uni\u00f3n de materiales que no dejen pasar los rayos UV, como por ejemplo, los vidrios laminados o pl\u00e1sticos diversos. Para Pegado de madera, piedra y pl\u00e1sticos es necesario realizar, siempre, una prueba previa.<\/p>\n<\/div>\n<ul>\n<li>Adecuado para pegar superficies de vidrio flotado, vidrio templado, vidrio laminado, metal, madera, piedra, pl\u00e1sticos div.<\/li>\n<li>el\u00e1stico <span style=\"color: #333333;\"><a style=\"color: #333333;\" href=\"https:\/\/www.jeannineswestlakevillage.com\/\">daftar situs judi slot online terpercaya<\/a><\/span><\/li>\n<li>cristalino<\/li>\n<li>curado por medio de los UVA, fotopolimerizable<\/li>\n<li>Vida \u00fatil en embalaje original: 12 meses a partir de la fecha de fabricaci\u00f3n<\/li>\n<\/ul>\n","protected":false},"featured_media":388,"comment_status":"open","ping_status":"closed","template":"","meta":{"site-sidebar-layout":"default","site-content-layout":"default","ast-site-content-layout":"","site-content-style":"default","site-sidebar-style":"default","ast-global-header-display":"","ast-banner-title-visibility":"","ast-main-header-display":"","ast-hfb-above-header-display":"","ast-hfb-below-header-display":"","ast-hfb-mobile-header-display":"","site-post-title":"","ast-breadcrumbs-content":"","ast-featured-img":"","footer-sml-layout":"","theme-transparent-header-meta":"default","adv-header-id-meta":"","stick-header-meta":"default","header-above-stick-meta":"","header-main-stick-meta":"","header-below-stick-meta":"","astra-migrate-meta-layouts":"default","ast-page-background-enabled":"default","ast-page-background-meta":{"desktop":{"background-color":"","background-image":"","background-repeat":"repeat","background-position":"center center","background-size":"auto","background-attachment":"scroll","background-type":"","background-media":"","overlay-type":"","overlay-color":"","overlay-opacity":"","overlay-gradient":""},"tablet":{"background-color":"","background-image":"","background-repeat":"repeat","background-position":"center center","background-size":"auto","background-attachment":"scroll","background-type":"","background-media":"","overlay-type":"","overlay-color":"","overlay-opacity":"","overlay-gradient":""},"mobile":{"background-color":"","background-image":"","background-repeat":"repeat","background-position":"center center","background-size":"auto","background-attachment":"scroll","background-type":"","background-media":"","overlay-type":"","overlay-color":"","overlay-opacity":"","overlay-gradient":""}},"ast-content-background-meta":{"desktop":{"background-color":"var(--ast-global-color-5)","background-image":"","background-repeat":"repeat","background-position":"center center","background-size":"auto","background-attachment":"scroll","background-type":"","background-media":"","overlay-type":"","overlay-color":"","overlay-opacity":"","overlay-gradient":""},"tablet":{"background-color":"var(--ast-global-color-5)","background-image":"","background-repeat":"repeat","background-position":"center center","background-size":"auto","background-attachment":"scroll","background-type":"","background-media":"","overlay-type":"","overlay-color":"","overlay-opacity":"","overlay-gradient":""},"mobile":{"background-color":"var(--ast-global-color-5)","background-image":"","background-repeat":"repeat","background-position":"center center","background-size":"auto","background-attachment":"scroll","background-type":"","background-media":"","overlay-type":"","overlay-color":"","overlay-opacity":"","overlay-gradient":""}}},"product_cat":[17],"product_tag":[],"_links":{"self":[{"href":"https:\/\/www.vidriositalia.cl\/index.php?rest_route=\/wp\/v2\/product\/236"}],"collection":[{"href":"https:\/\/www.vidriositalia.cl\/index.php?rest_route=\/wp\/v2\/product"}],"about":[{"href":"https:\/\/www.vidriositalia.cl\/index.php?rest_route=\/wp\/v2\/types\/product"}],"replies":[{"embeddable":true,"href":"https:\/\/www.vidriositalia.cl\/index.php?rest_route=%2Fwp%2Fv2%2Fcomments&post=236"}],"version-history":[{"count":4,"href":"https:\/\/www.vidriositalia.cl\/index.php?rest_route=\/wp\/v2\/product\/236\/revisions"}],"predecessor-version":[{"id":11283,"href":"https:\/\/www.vidriositalia.cl\/index.php?rest_route=\/wp\/v2\/product\/236\/revisions\/11283"}],"wp:featuredmedia":[{"embeddable":true,"href":"https:\/\/www.vidriositalia.cl\/index.php?rest_route=\/wp\/v2\/media\/388"}],"wp:attachment":[{"href":"https:\/\/www.vidriositalia.cl\/index.php?rest_route=%2Fwp%2Fv2%2Fmedia&parent=236"}],"wp:term":[{"taxonomy":"product_cat","embeddable":true,"href":"https:\/\/www.vidriositalia.cl\/index.php?rest_route=%2Fwp%2Fv2%2Fproduct_cat&post=236"},{"taxonomy":"product_tag","embeddable":true,"href":"https:\/\/www.vidriositalia.cl\/index.php?rest_route=%2Fwp%2Fv2%2Fproduct_tag&post=236"}],"curies":[{"name":"wp","href":"https:\/\/api.w.org\/{rel}","templated":true}]}}