{"id":245,"date":"2020-10-12T22:53:52","date_gmt":"2020-10-13T01:53:52","guid":{"rendered":"http:\/\/localhost:8888\/italia\/?post_type=product&#038;p=245"},"modified":"2022-02-28T15:10:09","modified_gmt":"2022-02-28T18:10:09","slug":"adhesivo-uv-verifix-b-665-0","status":"publish","type":"product","link":"https:\/\/www.vidriositalia.cl\/?product=adhesivo-uv-verifix-b-665-0","title":{"rendered":"Adhesivo UV Verifix\u00ae B 665-0"},"content":{"rendered":"","protected":false},"excerpt":{"rendered":"<div class=\"product--textOnlyWeb\">\n<p>Con el adhesivo Verifix\u00ae B 665-0 podr\u00e1 pegar con rapidez cantos de vidrio-vidrio sin que se produzca amarilleamiento. Es un adhesivo muy resistente, apto para cargas est\u00e1ticas. Gracias al fen\u00f3meno de la capilaridad, el tiempo que hay que emplear para limpiar el vidrio despu\u00e9s del pegado es mucho menor.<\/p>\n<\/div>\n<ul>\n<li>Adecuado para la uni\u00f3n de cantos de vidrio float<\/li>\n<li>buen comportamiento de capilaridad<\/li>\n<li>Secado UV<\/li>\n<li>no es adecuado para pegado en ambientes h\u00famedos<\/li>\n<li>no es adecuado para vidrio templado \/ vidrio laminado<\/li>\n<li>Vida \u00fatil en embalaje original: 12 meses a partir de la fecha de fabricaci\u00f3n<\/li>\n<\/ul>\n","protected":false},"featured_media":1089,"comment_status":"open","ping_status":"closed","template":"","meta":{"site-sidebar-layout":"no-sidebar","site-content-layout":"page-builder","ast-site-content-layout":"","site-content-style":"default","site-sidebar-style":"default","ast-global-header-display":"","ast-banner-title-visibility":"","ast-main-header-display":"","ast-hfb-above-header-display":"","ast-hfb-below-header-display":"","ast-hfb-mobile-header-display":"","site-post-title":"disabled","ast-breadcrumbs-content":"","ast-featured-img":"disabled","footer-sml-layout":"","theme-transparent-header-meta":"default","adv-header-id-meta":"","stick-header-meta":"default","header-above-stick-meta":"","header-main-stick-meta":"","header-below-stick-meta":"","astra-migrate-meta-layouts":"default","ast-page-background-enabled":"default","ast-page-background-meta":{"desktop":{"background-color":"","background-image":"","background-repeat":"repeat","background-position":"center center","background-size":"auto","background-attachment":"scroll","background-type":"","background-media":"","overlay-type":"","overlay-color":"","overlay-opacity":"","overlay-gradient":""},"tablet":{"background-color":"","background-image":"","background-repeat":"repeat","background-position":"center center","background-size":"auto","background-attachment":"scroll","background-type":"","background-media":"","overlay-type":"","overlay-color":"","overlay-opacity":"","overlay-gradient":""},"mobile":{"background-color":"","background-image":"","background-repeat":"repeat","background-position":"center center","background-size":"auto","background-attachment":"scroll","background-type":"","background-media":"","overlay-type":"","overlay-color":"","overlay-opacity":"","overlay-gradient":""}},"ast-content-background-meta":{"desktop":{"background-color":"var(--ast-global-color-5)","background-image":"","background-repeat":"repeat","background-position":"center center","background-size":"auto","background-attachment":"scroll","background-type":"","background-media":"","overlay-type":"","overlay-color":"","overlay-opacity":"","overlay-gradient":""},"tablet":{"background-color":"var(--ast-global-color-5)","background-image":"","background-repeat":"repeat","background-position":"center center","background-size":"auto","background-attachment":"scroll","background-type":"","background-media":"","overlay-type":"","overlay-color":"","overlay-opacity":"","overlay-gradient":""},"mobile":{"background-color":"var(--ast-global-color-5)","background-image":"","background-repeat":"repeat","background-position":"center center","background-size":"auto","background-attachment":"scroll","background-type":"","background-media":"","overlay-type":"","overlay-color":"","overlay-opacity":"","overlay-gradient":""}}},"product_cat":[17],"product_tag":[],"_links":{"self":[{"href":"https:\/\/www.vidriositalia.cl\/index.php?rest_route=\/wp\/v2\/product\/245"}],"collection":[{"href":"https:\/\/www.vidriositalia.cl\/index.php?rest_route=\/wp\/v2\/product"}],"about":[{"href":"https:\/\/www.vidriositalia.cl\/index.php?rest_route=\/wp\/v2\/types\/product"}],"replies":[{"embeddable":true,"href":"https:\/\/www.vidriositalia.cl\/index.php?rest_route=%2Fwp%2Fv2%2Fcomments&post=245"}],"version-history":[{"count":1,"href":"https:\/\/www.vidriositalia.cl\/index.php?rest_route=\/wp\/v2\/product\/245\/revisions"}],"predecessor-version":[{"id":247,"href":"https:\/\/www.vidriositalia.cl\/index.php?rest_route=\/wp\/v2\/product\/245\/revisions\/247"}],"wp:featuredmedia":[{"embeddable":true,"href":"https:\/\/www.vidriositalia.cl\/index.php?rest_route=\/wp\/v2\/media\/1089"}],"wp:attachment":[{"href":"https:\/\/www.vidriositalia.cl\/index.php?rest_route=%2Fwp%2Fv2%2Fmedia&parent=245"}],"wp:term":[{"taxonomy":"product_cat","embeddable":true,"href":"https:\/\/www.vidriositalia.cl\/index.php?rest_route=%2Fwp%2Fv2%2Fproduct_cat&post=245"},{"taxonomy":"product_tag","embeddable":true,"href":"https:\/\/www.vidriositalia.cl\/index.php?rest_route=%2Fwp%2Fv2%2Fproduct_tag&post=245"}],"curies":[{"name":"wp","href":"https:\/\/api.w.org\/{rel}","templated":true}]}}