{"id":464,"date":"2020-12-31T00:01:46","date_gmt":"2020-12-31T03:01:46","guid":{"rendered":"http:\/\/www.vidriositalia.cl\/?post_type=product&#038;p=464"},"modified":"2024-11-06T11:03:43","modified_gmt":"2024-11-06T14:03:43","slug":"ventosa-de-piston-de-plastico-veribor-en-maletin","status":"publish","type":"product","link":"https:\/\/www.vidriositalia.cl\/?product=ventosa-de-piston-de-plastico-veribor-en-maletin","title":{"rendered":"Ventosa de pist\u00f3n de pl\u00e1stico Veribor\u00ae en malet\u00edn"},"content":{"rendered":"","protected":false},"excerpt":{"rendered":"<div class=\"product--textOnlyWeb\">\n<p>Un agarre seguro y la mayor comodidad en el transporte: la ventosa de pl\u00e1stico Veribor\u00ae de dos platos destaca gracias a su amplia empu\u00f1adura antideslizamiento y se amolda perfectamente a la mano. Las palancas basculantes son ergon\u00f3micas y f\u00e1ciles de utilizar. Su superficie, especialmente ancha, proporciona una transmisi\u00f3n \u00f3ptima. Un factor de calidad destacable son sus platos de goma sin HAP (hidrocarburos arom\u00e1ticos polic\u00edclicos) con la calidad acreditada de Bohle: el plato de goma es estable y, sin embargo, lo suficientemente blando como para adaptarse a la superficie cuando se crea el vac\u00edo. Soporta cargas de hasta 50 kg (doble sistema de seguridad) y es adecuada para todos los materiales y objetos con superficies herm\u00e9ticas.<br \/>\nEl T\u00dcV, organizaci\u00f3n certificadora alemana, ha reconocido con el sello GS (Seguridad Verificada) la gran calidad de este producto.<\/p>\n<\/div>\n<ul>\n<li>Veribor\u00ae es una marca de calidad del Grupo Bohle. Los productos se desarrollan y producen exclusivamente en Alemania, prestando especial atenci\u00f3n a la seguridad y la ergonom\u00eda. No contienen hidrocarburos arom\u00e1ticos polic\u00edclicos (HAP) cancer\u00edgenos.<\/li>\n<\/ul>\n","protected":false},"featured_media":465,"comment_status":"open","ping_status":"closed","template":"","meta":{"site-sidebar-layout":"default","site-content-layout":"default","ast-site-content-layout":"","site-content-style":"default","site-sidebar-style":"default","ast-global-header-display":"","ast-banner-title-visibility":"","ast-main-header-display":"","ast-hfb-above-header-display":"","ast-hfb-below-header-display":"","ast-hfb-mobile-header-display":"","site-post-title":"","ast-breadcrumbs-content":"","ast-featured-img":"","footer-sml-layout":"","theme-transparent-header-meta":"default","adv-header-id-meta":"","stick-header-meta":"default","header-above-stick-meta":"","header-main-stick-meta":"","header-below-stick-meta":"","astra-migrate-meta-layouts":"default","ast-page-background-enabled":"default","ast-page-background-meta":{"desktop":{"background-color":"","background-image":"","background-repeat":"repeat","background-position":"center center","background-size":"auto","background-attachment":"scroll","background-type":"","background-media":"","overlay-type":"","overlay-color":"","overlay-opacity":"","overlay-gradient":""},"tablet":{"background-color":"","background-image":"","background-repeat":"repeat","background-position":"center center","background-size":"auto","background-attachment":"scroll","background-type":"","background-media":"","overlay-type":"","overlay-color":"","overlay-opacity":"","overlay-gradient":""},"mobile":{"background-color":"","background-image":"","background-repeat":"repeat","background-position":"center center","background-size":"auto","background-attachment":"scroll","background-type":"","background-media":"","overlay-type":"","overlay-color":"","overlay-opacity":"","overlay-gradient":""}},"ast-content-background-meta":{"desktop":{"background-color":"var(--ast-global-color-5)","background-image":"","background-repeat":"repeat","background-position":"center center","background-size":"auto","background-attachment":"scroll","background-type":"","background-media":"","overlay-type":"","overlay-color":"","overlay-opacity":"","overlay-gradient":""},"tablet":{"background-color":"var(--ast-global-color-5)","background-image":"","background-repeat":"repeat","background-position":"center center","background-size":"auto","background-attachment":"scroll","background-type":"","background-media":"","overlay-type":"","overlay-color":"","overlay-opacity":"","overlay-gradient":""},"mobile":{"background-color":"var(--ast-global-color-5)","background-image":"","background-repeat":"repeat","background-position":"center center","background-size":"auto","background-attachment":"scroll","background-type":"","background-media":"","overlay-type":"","overlay-color":"","overlay-opacity":"","overlay-gradient":""}}},"product_cat":[17],"product_tag":[],"_links":{"self":[{"href":"https:\/\/www.vidriositalia.cl\/index.php?rest_route=\/wp\/v2\/product\/464"}],"collection":[{"href":"https:\/\/www.vidriositalia.cl\/index.php?rest_route=\/wp\/v2\/product"}],"about":[{"href":"https:\/\/www.vidriositalia.cl\/index.php?rest_route=\/wp\/v2\/types\/product"}],"replies":[{"embeddable":true,"href":"https:\/\/www.vidriositalia.cl\/index.php?rest_route=%2Fwp%2Fv2%2Fcomments&post=464"}],"version-history":[{"count":1,"href":"https:\/\/www.vidriositalia.cl\/index.php?rest_route=\/wp\/v2\/product\/464\/revisions"}],"predecessor-version":[{"id":466,"href":"https:\/\/www.vidriositalia.cl\/index.php?rest_route=\/wp\/v2\/product\/464\/revisions\/466"}],"wp:featuredmedia":[{"embeddable":true,"href":"https:\/\/www.vidriositalia.cl\/index.php?rest_route=\/wp\/v2\/media\/465"}],"wp:attachment":[{"href":"https:\/\/www.vidriositalia.cl\/index.php?rest_route=%2Fwp%2Fv2%2Fmedia&parent=464"}],"wp:term":[{"taxonomy":"product_cat","embeddable":true,"href":"https:\/\/www.vidriositalia.cl\/index.php?rest_route=%2Fwp%2Fv2%2Fproduct_cat&post=464"},{"taxonomy":"product_tag","embeddable":true,"href":"https:\/\/www.vidriositalia.cl\/index.php?rest_route=%2Fwp%2Fv2%2Fproduct_tag&post=464"}],"curies":[{"name":"wp","href":"https:\/\/api.w.org\/{rel}","templated":true}]}}