{"id":564,"date":"2021-01-19T00:12:48","date_gmt":"2021-01-19T03:12:48","guid":{"rendered":"http:\/\/www.vidriositalia.cl\/?post_type=product&#038;p=564"},"modified":"2021-01-19T00:13:34","modified_gmt":"2021-01-19T03:13:34","slug":"ventosa-de-plastico-veribor-con-un-plato","status":"publish","type":"product","link":"https:\/\/www.vidriositalia.cl\/?product=ventosa-de-plastico-veribor-con-un-plato","title":{"rendered":"Ventosa de pl\u00e1stico Veribor\u00ae con un plato"},"content":{"rendered":"","protected":false},"excerpt":{"rendered":"<div class=\"product--textOnlyWeb\">\n<div class=\"product--textOnlyWeb\">\n<p>La soluci\u00f3n ideal para superficies peque\u00f1as: cuando no hay suficiente espacio para una ventosa de dos platos, la ventosa de un plato ofrece un agarre seguro. Esta ventosa convence sobre todo por su manejo sencillo y extremadamente r\u00e1pido, gracias a la palanca basculante, que se puede controlar con una sola mano. La empu\u00f1adura se amolda perfectamente a la mano. Un factor de calidad destacable son sus sofisticados discos de goma sin HAP (hidrocarburos arom\u00e1ticos polic\u00edclicos) con la calidad acreditada de Bohle. Los discos son estables y, sin embargo, lo suficientemente blandos para adaptarse a la superficie cuando se crea el vac\u00edo. Soporta cargas de hasta 25 kg (doble sistema de seguridad) y es adecuada para todos los materiales y objetos con superficies herm\u00e9ticas.<\/p>\n<\/div>\n<ul>\n<li>Veribor\u00ae es una marca de calidad del Grupo Bohle. Los productos se desarrollan y producen exclusivamente en Alemania, prestando especial atenci\u00f3n a la seguridad y la ergonom\u00eda. No contienen hidrocarburos arom\u00e1ticos polic\u00edclicos (HAP) cancer\u00edgenos.<\/li>\n<\/ul>\n<\/div>\n","protected":false},"featured_media":565,"comment_status":"open","ping_status":"closed","template":"","meta":{"site-sidebar-layout":"default","site-content-layout":"default","ast-site-content-layout":"","site-content-style":"default","site-sidebar-style":"default","ast-global-header-display":"","ast-banner-title-visibility":"","ast-main-header-display":"","ast-hfb-above-header-display":"","ast-hfb-below-header-display":"","ast-hfb-mobile-header-display":"","site-post-title":"","ast-breadcrumbs-content":"","ast-featured-img":"","footer-sml-layout":"","theme-transparent-header-meta":"default","adv-header-id-meta":"","stick-header-meta":"default","header-above-stick-meta":"","header-main-stick-meta":"","header-below-stick-meta":"","astra-migrate-meta-layouts":"default","ast-page-background-enabled":"default","ast-page-background-meta":{"desktop":{"background-color":"","background-image":"","background-repeat":"repeat","background-position":"center center","background-size":"auto","background-attachment":"scroll","background-type":"","background-media":"","overlay-type":"","overlay-color":"","overlay-opacity":"","overlay-gradient":""},"tablet":{"background-color":"","background-image":"","background-repeat":"repeat","background-position":"center center","background-size":"auto","background-attachment":"scroll","background-type":"","background-media":"","overlay-type":"","overlay-color":"","overlay-opacity":"","overlay-gradient":""},"mobile":{"background-color":"","background-image":"","background-repeat":"repeat","background-position":"center center","background-size":"auto","background-attachment":"scroll","background-type":"","background-media":"","overlay-type":"","overlay-color":"","overlay-opacity":"","overlay-gradient":""}},"ast-content-background-meta":{"desktop":{"background-color":"var(--ast-global-color-5)","background-image":"","background-repeat":"repeat","background-position":"center center","background-size":"auto","background-attachment":"scroll","background-type":"","background-media":"","overlay-type":"","overlay-color":"","overlay-opacity":"","overlay-gradient":""},"tablet":{"background-color":"var(--ast-global-color-5)","background-image":"","background-repeat":"repeat","background-position":"center center","background-size":"auto","background-attachment":"scroll","background-type":"","background-media":"","overlay-type":"","overlay-color":"","overlay-opacity":"","overlay-gradient":""},"mobile":{"background-color":"var(--ast-global-color-5)","background-image":"","background-repeat":"repeat","background-position":"center center","background-size":"auto","background-attachment":"scroll","background-type":"","background-media":"","overlay-type":"","overlay-color":"","overlay-opacity":"","overlay-gradient":""}}},"product_cat":[17],"product_tag":[],"_links":{"self":[{"href":"https:\/\/www.vidriositalia.cl\/index.php?rest_route=\/wp\/v2\/product\/564"}],"collection":[{"href":"https:\/\/www.vidriositalia.cl\/index.php?rest_route=\/wp\/v2\/product"}],"about":[{"href":"https:\/\/www.vidriositalia.cl\/index.php?rest_route=\/wp\/v2\/types\/product"}],"replies":[{"embeddable":true,"href":"https:\/\/www.vidriositalia.cl\/index.php?rest_route=%2Fwp%2Fv2%2Fcomments&post=564"}],"version-history":[{"count":1,"href":"https:\/\/www.vidriositalia.cl\/index.php?rest_route=\/wp\/v2\/product\/564\/revisions"}],"predecessor-version":[{"id":566,"href":"https:\/\/www.vidriositalia.cl\/index.php?rest_route=\/wp\/v2\/product\/564\/revisions\/566"}],"wp:featuredmedia":[{"embeddable":true,"href":"https:\/\/www.vidriositalia.cl\/index.php?rest_route=\/wp\/v2\/media\/565"}],"wp:attachment":[{"href":"https:\/\/www.vidriositalia.cl\/index.php?rest_route=%2Fwp%2Fv2%2Fmedia&parent=564"}],"wp:term":[{"taxonomy":"product_cat","embeddable":true,"href":"https:\/\/www.vidriositalia.cl\/index.php?rest_route=%2Fwp%2Fv2%2Fproduct_cat&post=564"},{"taxonomy":"product_tag","embeddable":true,"href":"https:\/\/www.vidriositalia.cl\/index.php?rest_route=%2Fwp%2Fv2%2Fproduct_tag&post=564"}],"curies":[{"name":"wp","href":"https:\/\/api.w.org\/{rel}","templated":true}]}}